{"id":257,"date":"2024-03-27T18:24:44","date_gmt":"2024-03-27T17:24:44","guid":{"rendered":"https:\/\/calina.walia-solutions.ch\/?post_type=product&#038;p=257"},"modified":"2024-04-23T17:49:21","modified_gmt":"2024-04-23T15:49:21","slug":"adventskalender","status":"publish","type":"product","link":"https:\/\/calina.walia-solutions.ch\/?product=adventskalender","title":{"rendered":"Adventskalender"},"content":{"rendered":"<p>Mit qualitativ hochwertigen Stoffbeuteln in einer Vielzahl von charmanten Mustern. Jedes T\u00e4schchen, von den zarten Tupfen bis zu den eleganten Streifen, ist auf Langlebigkeit und stilvolle Weihnachtsdekoration ausgelegt.<\/p>\n<p>&nbsp;<\/p>\n<p><strong>Materialien<\/strong><\/p>\n<p>Der Adventskalender<span class=\"OYPEnA text-decoration-none text-strikethrough-none\"> besteht aus einem eleganten, baumf\u00f6rmigen Metallrahmen und einem Stern, dessen Beutel mit weissem Band verschn\u00fcrt sind. Es ist nicht nur ein Hingucker sondern auch wiederverwendbar, sodass Sie Jahr f\u00fcr Jahr neue Traditionen schaffen k\u00f6nnen.<\/span><\/p>\n<p><strong><br \/>\nNutzungshinweise<\/strong><\/p>\n<ul>\n<li>Platzierung: H\u00e4ngen Sie den Adventskalender an einer gut sichtbaren und erreichbaren Stelle auf, idealerweise an einer Wand oder T\u00fcr.<\/li>\n<li>Bef\u00fcllen: Legen Sie kleine Geschenke oder S\u00fcssigkeiten in die 24 Taschen, mit besonderen \u00dcberraschungen f\u00fcr spezielle Tage wie Nikolaus oder Heiligabend.<\/li>\n<li>Nutzung: \u00d6ffnen Sie t\u00e4glich eine Tasche, um die Vorfreude auf Weihnachten zu steigern.<\/li>\n<li>Pflege: Nach der Saison den Kalender abnehmen, bei Bedarf handwaschen und trocken lagern.<\/li>\n<\/ul>\n<p>&nbsp;<\/p>\n","protected":false},"excerpt":{"rendered":"<p>Mit qualitativ hochwertigen Stoffbeuteln in einer Vielzahl von charmanten Mustern. Jedes T\u00e4schchen, von den zarten Tupfen bis zu den eleganten Streifen, ist auf Langlebigkeit und stilvolle Weihnachtsdekoration ausgelegt. &nbsp; Materialien Der Adventskalender besteht aus einem eleganten, baumf\u00f6rmigen Metallrahmen und einem Stern, dessen Beutel mit weissem Band verschn\u00fcrt sind. Es ist nicht nur ein Hingucker sondern [&hellip;]<\/p>\n","protected":false},"featured_media":316,"comment_status":"open","ping_status":"closed","template":"","meta":[],"product_cat":[17],"product_tag":[],"_links":{"self":[{"href":"https:\/\/calina.walia-solutions.ch\/index.php?rest_route=\/wp\/v2\/product\/257"}],"collection":[{"href":"https:\/\/calina.walia-solutions.ch\/index.php?rest_route=\/wp\/v2\/product"}],"about":[{"href":"https:\/\/calina.walia-solutions.ch\/index.php?rest_route=\/wp\/v2\/types\/product"}],"replies":[{"embeddable":true,"href":"https:\/\/calina.walia-solutions.ch\/index.php?rest_route=%2Fwp%2Fv2%2Fcomments&post=257"}],"wp:featuredmedia":[{"embeddable":true,"href":"https:\/\/calina.walia-solutions.ch\/index.php?rest_route=\/wp\/v2\/media\/316"}],"wp:attachment":[{"href":"https:\/\/calina.walia-solutions.ch\/index.php?rest_route=%2Fwp%2Fv2%2Fmedia&parent=257"}],"wp:term":[{"taxonomy":"product_cat","embeddable":true,"href":"https:\/\/calina.walia-solutions.ch\/index.php?rest_route=%2Fwp%2Fv2%2Fproduct_cat&post=257"},{"taxonomy":"product_tag","embeddable":true,"href":"https:\/\/calina.walia-solutions.ch\/index.php?rest_route=%2Fwp%2Fv2%2Fproduct_tag&post=257"}],"curies":[{"name":"wp","href":"https:\/\/api.w.org\/{rel}","templated":true}]}}